{"id":13,"date":"2016-10-20T08:08:34","date_gmt":"2016-10-20T08:08:34","guid":{"rendered":"http:\/\/192.168.1.55\/yootheme_pro\/2016\/Horizon\/Website_WP\/index.php\/products\/"},"modified":"2020-02-13T09:47:36","modified_gmt":"2020-02-13T09:47:36","slug":"products","status":"publish","type":"page","link":"https:\/\/cd-mobile.de\/?page_id=13","title":{"rendered":"\u00dcber uns"},"content":{"rendered":"<h1>\u00dcber CD-Automobile<\/h1>\n<h1>\u00dcber uns<\/h1>\n<div>\n<p><strong>Wir, die Firma CD Automobile, sind ein Unternehmen, das sich seit \u00fcber zwanzig Jahren einen Namen im Bereich Automobil An- und verkauf gemacht hat. <\/strong><\/p>\n<\/div>\n<div>\n<p>Das bedeutet, Sie profitieren von unserer langj\u00e4hrigen Erfahrung, egal, ob Sie Ihr neues Fahrzeug bei uns erwerben, oder Ihr altes verkaufen m\u00f6chten.<br \/>Wir bieten Ihnen gute, zuverl\u00e4ssige Gebrauchte aller Marken und Preisklassen.<\/p>\n<p>Im gesamten Bundesgebiet geh\u00f6ren ferner nur ordentliche Vertragspartner wie VW oder Audi zu unseren Lieferanten \u2013 Qualit\u00e4t liegt uns am Herzen.<br \/>Sofern Sie bei uns als Privatperson ein Fahrzeug erwerben, wird dieses durch eine Garantie der Firma GSG abgesichert. <\/p>\n<p>Ferner werden alle Autos, die wir ankaufen, einer Eingangsuntersuchung durch unseren Partner, die Firma KTG Gresch in Bargteheide unterzogen, mit der wir seit \u00fcber f\u00fcnf Jahren erfolgreich zusammenarbeiten. <br \/>Auf diese Weise k\u00f6nnen Sie sicher sein, dass alle Gebrauchtwagen in unserem Bestand h\u00f6chsten Qualit\u00e4tsanspr\u00fcchen gen\u00fcgen. <br \/>Gerne bieten wir Ihnen ebenfalls die M\u00f6glichkeit, Ihr neu erworbenes Fahrzeug zu niedrigen Zinss\u00e4tzen zu finanzieren \u2013 dies geschieht in Zusammenarbeit mit der Santander Bank.<\/p>\n<p>Kurz: Bei uns ist alles unter einem Dach, der Chef selbst ist Ihr Ansprechpartner \u2013 und dieser ist nur dann zufrieden, wenn Sie es auch sind. <\/p>\n<p>Schauen Sie sich gerne unseren Bestand an und z\u00f6gern Sie nicht uns zu kontaktieren, wir stehen Ihnen gern f\u00fcr jegliche Anliegen und Fragen zur Verf\u00fcgung!\u00a0<\/p>\n<\/div>\n<h3>Sie ben\u00f6tigen Hilfe?<\/h3>\n<div>\n<p>Rufen Sie uns an <a href=\"tel:+45326532\">04532 &#8211; 6532<\/a><\/p>\n<\/div>\n<div>\n<p>Oder schreiben Sie uns an <a href=\"mailto:candagdelen@web.de\">candagdelen@web.de<\/a><\/p>\n<\/div>\n<h3>Noch nicht \u00fcberzeugt?<\/h3>\n<p>\n    <a href=\"fahrzeuge\/\">Hier gehts zu unseren Fahrzeugen<\/a>\n<\/p>\n<p><!-- {\"name\":\"Products\",\"type\":\"layout\",\"children\":[{\"type\":\"section\",\"props\":{\"style\":\"default\",\"width\":\"\",\"vertical_align\":\"middle\",\"title_position\":\"top-left\",\"title_rotation\":\"left\",\"title_breakpoint\":\"xl\",\"image_position\":\"center-center\",\"text_color\":\"light\",\"width_expand\":\"\",\"height\":\"\",\"padding\":\"large\",\"header_transparent\":\"\",\"animation\":\"\",\"image\":\"wp-content\\\/uploads\\\/photo-1493398961404-f06dd2f81108.jpg\",\"image_size\":\"cover\",\"image_effect\":\"\",\"image_parallax_breakpoint\":\"\",\"image_visibility\":\"\",\"video_width\":\"\",\"video_height\":\"\",\"media_blend_mode\":\"\"},\"children\":[{\"type\":\"row\",\"props\":{\"layout\":\"1-1\",\"breakpoint\":\"m\",\"fixed_width\":\"large\",\"column_gap\":\"\",\"row_gap\":\"\",\"width\":\"\",\"width_expand\":\"\",\"height\":\"\",\"margin\":\"\"},\"children\":[{\"type\":\"column\",\"props\":{\"image_position\":\"center-center\",\"media_overlay_gradient\":\"\",\"vertical_align\":\"\",\"style\":\"\",\"text_color\":\"\",\"padding\":\"\"},\"children\":[{\"type\":\"headline\",\"props\":{\"title_element\":\"h1\",\"title_style\":\"\",\"title_decoration\":\"\",\"title_font_family\":\"\",\"title_color\":\"\",\"position\":\"\",\"position_z_index\":\"\",\"margin\":\"\",\"maxwidth\":\"\",\"maxwidth_breakpoint\":\"\",\"block_align\":\"\",\"block_align_breakpoint\":\"\",\"block_align_fallback\":\"\",\"text_align\":\"center\",\"text_align_breakpoint\":\"\",\"text_align_fallback\":\"\",\"animation\":\"\",\"visibility\":\"\",\"content\":\"\\u00dcber CD-Automobile\"}}]}]}]},{\"name\":\"Product description\",\"type\":\"section\",\"props\":{\"width\":\"default\",\"padding\":\"\",\"style\":\"default\",\"image_size\":\"cover\",\"padding_remove_bottom\":false,\"animation\":\"slide-top-small\",\"animation_delay\":true,\"image_position\":\"center-center\",\"vertical_align\":\"middle\",\"title_position\":\"top-left\",\"title_rotation\":\"left\",\"title_breakpoint\":\"xl\",\"image_effect\":\"\",\"text_color\":\"\",\"width_expand\":\"\",\"height\":\"\",\"header_transparent\":\"\"},\"children\":[{\"name\":\"\",\"type\":\"row\",\"props\":{\"layout\":\",\",\"fixed_width\":\"large\",\"breakpoint\":\"m\",\"column_gap\":\"\",\"row_gap\":\"\",\"width\":\"\",\"width_expand\":\"\",\"height\":\"\",\"margin\":\"\",\"margin_remove_bottom\":true},\"children\":[{\"name\":\"\",\"type\":\"column\",\"props\":{\"image_position\":\"center-center\",\"media_overlay_gradient\":\"\"},\"children\":[{\"type\":\"headline\",\"props\":{\"title_element\":\"h1\",\"title_style\":\"\",\"title_decoration\":\"\",\"title_font_family\":\"\",\"title_color\":\"\",\"position\":\"\",\"position_z_index\":\"\",\"margin\":\"\",\"maxwidth\":\"\",\"maxwidth_breakpoint\":\"\",\"block_align\":\"\",\"block_align_breakpoint\":\"\",\"block_align_fallback\":\"\",\"text_align\":\"\",\"text_align_breakpoint\":\"\",\"text_align_fallback\":\"\",\"animation\":\"\",\"visibility\":\"\",\"content\":\"\\u00dcber uns\"}},{\"type\":\"text\",\"props\":{\"margin\":\"default\",\"column_breakpoint\":\"m\",\"text_style\":\"\",\"text_color\":\"\",\"text_size\":\"\",\"column\":\"\",\"position\":\"\",\"position_z_index\":\"\",\"maxwidth\":\"\",\"maxwidth_breakpoint\":\"\",\"block_align\":\"\",\"block_align_breakpoint\":\"\",\"block_align_fallback\":\"\",\"text_align\":\"\",\"text_align_breakpoint\":\"\",\"text_align_fallback\":\"\",\"animation\":\"\",\"visibility\":\"\",\"content\":\"\n\n<p><strong>Wir, die Firma CD Automobile, sind ein Unternehmen, das sich seit \\u00fcber zwanzig Jahren einen Namen im Bereich Automobil An- und verkauf gemacht hat. <\\\/strong><\\\/p>\"}}]},{\"type\":\"column\",\"props\":{\"image_position\":\"center-center\",\"media_overlay_gradient\":\"\",\"vertical_align\":\"\",\"style\":\"\",\"text_color\":\"\",\"padding\":\"\"},\"children\":[]}]},{\"type\":\"row\",\"props\":{\"layout\":\"1-1\",\"breakpoint\":\"m\",\"fixed_width\":\"large\",\"column_gap\":\"\",\"row_gap\":\"\",\"width\":\"\",\"width_expand\":\"\",\"height\":\"\",\"margin\":\"\",\"margin_remove_top\":true},\"children\":[{\"type\":\"column\",\"props\":{\"image_position\":\"center-center\",\"media_overlay_gradient\":\"\",\"vertical_align\":\"\",\"style\":\"\",\"text_color\":\"\",\"padding\":\"\"},\"children\":[{\"name\":\"\",\"type\":\"text\",\"props\":{\"margin\":\"large\",\"content\":\"\n\n<p>Das bedeutet, Sie profitieren von unserer langj\\u00e4hrigen Erfahrung, egal, ob Sie Ihr neues Fahrzeug bei uns erwerben, oder Ihr altes verkaufen m\\u00f6chten.<br \\\/>Wir bieten Ihnen gute, zuverl\\u00e4ssige Gebrauchte aller Marken und Preisklassen.<br \\\/><br \\\/>Im gesamten Bundesgebiet geh\\u00f6ren ferner nur ordentliche Vertragspartner wie VW oder Audi zu unseren Lieferanten \\u2013 Qualit\\u00e4t liegt uns am Herzen.<br \\\/>Sofern Sie bei uns als Privatperson ein Fahrzeug erwerben, wird dieses durch eine Garantie der Firma GSG abgesichert. <br \\\/><br \\\/>Ferner werden alle Autos, die wir ankaufen, einer Eingangsuntersuchung durch unseren Partner, die Firma KTG Gresch in Bargteheide unterzogen, mit der wir seit \\u00fcber f\\u00fcnf Jahren erfolgreich zusammenarbeiten. <br \\\/>Auf diese Weise k\\u00f6nnen Sie sicher sein, dass alle Gebrauchtwagen in unserem Bestand h\\u00f6chsten Qualit\\u00e4tsanspr\\u00fcchen gen\\u00fcgen. <br \\\/>Gerne bieten wir Ihnen ebenfalls die M\\u00f6glichkeit, Ihr neu erworbenes Fahrzeug zu niedrigen Zinss\\u00e4tzen zu finanzieren \\u2013 dies geschieht in Zusammenarbeit mit der Santander Bank.<br \\\/><br \\\/>Kurz: Bei uns ist alles unter einem Dach, der Chef selbst ist Ihr Ansprechpartner \\u2013 und dieser ist nur dann zufrieden, wenn Sie es auch sind. <br \\\/><br \\\/>Schauen Sie sich gerne unseren Bestand an und z\\u00f6gern Sie nicht uns zu kontaktieren, wir stehen Ihnen gern f\\u00fcr jegliche Anliegen und Fragen zur Verf\\u00fcgung!\\u00a0<\\\/p>\",\"column\":\"1-2\",\"column_breakpoint\":\"m\",\"text_style\":\"\",\"text_color\":\"\",\"text_size\":\"\",\"position\":\"\",\"position_z_index\":\"\",\"maxwidth\":\"\",\"maxwidth_breakpoint\":\"\",\"block_align\":\"\",\"block_align_breakpoint\":\"\",\"block_align_fallback\":\"\",\"text_align\":\"\",\"text_align_breakpoint\":\"\",\"text_align_fallback\":\"\",\"animation\":\"\",\"visibility\":\"\"}}]}]}]},{\"name\":\"Contact\",\"type\":\"section\",\"props\":{\"width\":\"default\",\"padding\":\"large\",\"style\":\"muted\",\"image_size\":\"cover\",\"animation\":\"slide-bottom-medium\",\"animation_delay\":true,\"image_position\":\"center-center\",\"vertical_align\":\"middle\",\"title_position\":\"top-left\",\"title_rotation\":\"left\",\"title_breakpoint\":\"xl\",\"image_effect\":\"\",\"text_color\":\"light\",\"width_expand\":\"\",\"height\":\"\",\"header_transparent\":\"\",\"image\":\"wp-content\\\/uploads\\\/t6_red_white.png\",\"image_parallax_breakpoint\":\"\",\"image_visibility\":\"\",\"video_width\":\"\",\"video_height\":\"\",\"media_blend_mode\":\"color-burn\",\"media_overlay\":\"rgba(0, 0, 0, 0.22)\"},\"children\":[{\"name\":\"\",\"type\":\"row\",\"props\":{\"layout\":\",\",\"breakpoint\":\"m\",\"divider\":true,\"fixed_width\":\"large\"},\"children\":[{\"name\":\"\",\"type\":\"column\",\"props\":{\"image_position\":\"center-center\",\"media_overlay_gradient\":\"\"},\"children\":[{\"name\":\"\",\"type\":\"headline\",\"props\":{\"title_element\":\"h3\",\"text_align\":\"center\",\"content\":\"Sie ben\\u00f6tigen Hilfe?\",\"title_style\":\"h3\",\"title_decoration\":\"\",\"title_font_family\":\"\",\"title_color\":\"\",\"position\":\"\",\"position_z_index\":\"\",\"margin\":\"\",\"maxwidth\":\"\",\"maxwidth_breakpoint\":\"\",\"block_align\":\"\",\"block_align_breakpoint\":\"\",\"block_align_fallback\":\"\",\"text_align_breakpoint\":\"\",\"text_align_fallback\":\"\",\"animation\":\"\",\"visibility\":\"\"}},{\"name\":\"\",\"type\":\"text\",\"props\":{\"margin\":\"default\",\"content\":\"\n\n<p>Rufen Sie uns an <a href=\\\"tel:+45326532\\\">04532 - 6532<\\\/a><\\\/p>\",\"text_align\":\"center\",\"text_size\":\"large\",\"column_breakpoint\":\"m\",\"text_style\":\"\",\"text_color\":\"\",\"column\":\"\",\"text_align_breakpoint\":\"\",\"text_align_fallback\":\"\",\"maxwidth\":\"\",\"maxwidth_breakpoint\":\"\",\"animation\":\"\",\"visibility\":\"\",\"block_align\":\"\",\"position\":\"\",\"position_z_index\":\"\",\"block_align_breakpoint\":\"\",\"block_align_fallback\":\"\"}},{\"name\":\"\",\"type\":\"text\",\"props\":{\"margin\":\"default\",\"content\":\"\n\n<p>Oder schreiben Sie uns an <a href=\\\"mailto:candagdelen@web.de\\\">candagdelen@web.de<\\\/a><\\\/p>\",\"text_align\":\"center\",\"column_breakpoint\":\"m\",\"text_style\":\"\",\"text_color\":\"\",\"text_size\":\"\",\"column\":\"\",\"text_align_breakpoint\":\"\",\"text_align_fallback\":\"\",\"maxwidth\":\"\",\"maxwidth_breakpoint\":\"\",\"animation\":\"\",\"visibility\":\"\",\"block_align\":\"\",\"position\":\"\",\"position_z_index\":\"\",\"block_align_breakpoint\":\"\",\"block_align_fallback\":\"\"}}]},{\"name\":\"\",\"type\":\"column\",\"props\":{\"image_position\":\"center-center\",\"media_overlay_gradient\":\"\"},\"children\":[{\"name\":\"\",\"type\":\"headline\",\"props\":{\"title_element\":\"h3\",\"text_align\":\"center\",\"content\":\"Noch nicht \\u00fcberzeugt?\",\"title_style\":\"h3\",\"title_decoration\":\"\",\"title_font_family\":\"\",\"title_color\":\"\",\"position\":\"\",\"position_z_index\":\"\",\"margin\":\"\",\"maxwidth\":\"\",\"maxwidth_breakpoint\":\"\",\"block_align\":\"\",\"block_align_breakpoint\":\"\",\"block_align_fallback\":\"\",\"text_align_breakpoint\":\"\",\"text_align_fallback\":\"\",\"animation\":\"\",\"visibility\":\"\"}},{\"name\":\"\",\"type\":\"button\",\"props\":{\"margin\":\"default\",\"text_align\":\"center\",\"grid_column_gap\":\"small\",\"grid_row_gap\":\"small\",\"button_size\":\"\",\"position\":\"\",\"position_z_index\":\"\",\"maxwidth\":\"\",\"maxwidth_breakpoint\":\"\",\"block_align\":\"\",\"block_align_breakpoint\":\"\",\"block_align_fallback\":\"\",\"text_align_breakpoint\":\"\",\"text_align_fallback\":\"\",\"animation\":\"\",\"visibility\":\"\"},\"children\":[{\"name\":\"\",\"type\":\"button_item\",\"props\":{\"button_style\":\"primary\",\"content\":\"Hier gehts zu unseren Fahrzeugen\",\"link\":\"fahrzeuge\\\/\",\"icon_align\":\"left\",\"link_target\":\"\"}}]}]}]}]}],\"props\":[],\"version\":\"1.22.6\"} --><\/p>\n","protected":false},"excerpt":{"rendered":"<p>\u00dcber CD-Automobile \u00dcber uns Wir, die Firma CD Automobile, sind ein Unternehmen, das sich seit \u00fcber zwanzig Jahren einen Namen im Bereich Automobil An- und verkauf gemacht hat. Das bedeutet, Sie profitieren von unserer langj\u00e4hrigen Erfahrung, egal, ob Sie Ihr neues Fahrzeug bei uns erwerben, oder Ihr altes verkaufen m\u00f6chten.Wir bieten Ihnen gute, zuverl\u00e4ssige Gebrauchte [&hellip;]<\/p>\n","protected":false},"author":1,"featured_media":0,"parent":0,"menu_order":6,"comment_status":"closed","ping_status":"closed","template":"","meta":[],"_links":{"self":[{"href":"https:\/\/cd-mobile.de\/index.php?rest_route=\/wp\/v2\/pages\/13"}],"collection":[{"href":"https:\/\/cd-mobile.de\/index.php?rest_route=\/wp\/v2\/pages"}],"about":[{"href":"https:\/\/cd-mobile.de\/index.php?rest_route=\/wp\/v2\/types\/page"}],"author":[{"embeddable":true,"href":"https:\/\/cd-mobile.de\/index.php?rest_route=\/wp\/v2\/users\/1"}],"replies":[{"embeddable":true,"href":"https:\/\/cd-mobile.de\/index.php?rest_route=%2Fwp%2Fv2%2Fcomments&post=13"}],"version-history":[{"count":5,"href":"https:\/\/cd-mobile.de\/index.php?rest_route=\/wp\/v2\/pages\/13\/revisions"}],"predecessor-version":[{"id":2112,"href":"https:\/\/cd-mobile.de\/index.php?rest_route=\/wp\/v2\/pages\/13\/revisions\/2112"}],"wp:attachment":[{"href":"https:\/\/cd-mobile.de\/index.php?rest_route=%2Fwp%2Fv2%2Fmedia&parent=13"}],"curies":[{"name":"wp","href":"https:\/\/api.w.org\/{rel}","templated":true}]}}