{"id":1501,"date":"2019-12-12T17:02:57","date_gmt":"2019-12-12T17:02:57","guid":{"rendered":"http:\/\/web-321.de\/cd\/?page_id=1501"},"modified":"2020-02-13T09:49:06","modified_gmt":"2020-02-13T09:49:06","slug":"kontakt","status":"publish","type":"page","link":"https:\/\/cd-mobile.de\/?page_id=1501","title":{"rendered":"Kontakt"},"content":{"rendered":"<h1>\u00dcber CD-Automobile<\/h1>\n<h1>Kontakt<\/h1>\n<div>\n<p>Can Dagdelen<br \/>CD Automobile<br \/>Hamburger Stra\u00dfe 1<br \/>22941 Delingdorf<\/p>\n<\/div>\n<ul>\n<li>\n<div>\n<p>0171-6255552<\/p>\n<\/div>\n<\/li>\n<li>\n<div>\n<p>04532-6532<\/p>\n<\/div>\n<\/li>\n<li>\n<div>\n<p>04532-260559<\/p>\n<\/div>\n<\/li>\n<li>\n<div>\n<p>candagdelen@web.de<\/p>\n<\/div>\n<\/li>\n<\/ul>\n<div>\n<h3>CD-Automobile<\/h3>\n<div>\n<div class=\"uk-margin\" data-id=\"page#9\">\n<p>Hamburger Stra\u00dfe 1<br \/>22941 Delingdorf<\/p>\n<\/div>\n<p>Mobil: 0171-6255552<br \/>Tel.: 04532-6532<br \/>Fax: 04532-260559<br \/>Mail: candagdelen@web.de<\/p>\n<\/div>\n<p>53.7022,10.2486<\/p>\n<\/div>\n<p><!-- {\"type\":\"layout\",\"children\":[{\"type\":\"section\",\"props\":{\"style\":\"default\",\"width\":\"\",\"vertical_align\":\"middle\",\"title_position\":\"top-left\",\"title_rotation\":\"left\",\"title_breakpoint\":\"xl\",\"image_position\":\"center-center\",\"text_color\":\"light\",\"width_expand\":\"\",\"height\":\"\",\"padding\":\"large\",\"header_transparent\":\"\",\"animation\":\"\",\"image\":\"wp-content\\\/uploads\\\/photo-1493398961404-f06dd2f81108.jpg\",\"image_size\":\"cover\",\"image_effect\":\"\",\"image_parallax_breakpoint\":\"\",\"image_visibility\":\"\",\"video_width\":\"\",\"video_height\":\"\",\"media_blend_mode\":\"\"},\"children\":[{\"type\":\"row\",\"props\":{\"layout\":\"1-1\",\"breakpoint\":\"m\",\"fixed_width\":\"large\",\"column_gap\":\"\",\"row_gap\":\"\",\"width\":\"\",\"width_expand\":\"\",\"height\":\"\",\"margin\":\"\"},\"children\":[{\"type\":\"column\",\"props\":{\"image_position\":\"center-center\",\"media_overlay_gradient\":\"\",\"vertical_align\":\"\",\"style\":\"\",\"text_color\":\"\",\"padding\":\"\"},\"children\":[{\"type\":\"headline\",\"props\":{\"title_element\":\"h1\",\"title_style\":\"\",\"title_decoration\":\"\",\"title_font_family\":\"\",\"title_color\":\"\",\"position\":\"\",\"position_z_index\":\"\",\"margin\":\"\",\"maxwidth\":\"\",\"maxwidth_breakpoint\":\"\",\"block_align\":\"\",\"block_align_breakpoint\":\"\",\"block_align_fallback\":\"\",\"text_align\":\"center\",\"text_align_breakpoint\":\"\",\"text_align_fallback\":\"\",\"animation\":\"\",\"visibility\":\"\",\"content\":\"\\u00dcber CD-Automobile\"}}]}]}],\"name\":\"banner\"},{\"type\":\"section\",\"props\":{\"style\":\"default\",\"width\":\"default\",\"vertical_align\":\"middle\",\"title_position\":\"top-left\",\"title_rotation\":\"left\",\"title_breakpoint\":\"xl\",\"image_position\":\"center-center\",\"text_color\":\"\",\"width_expand\":\"\",\"height\":\"\",\"padding\":\"\",\"header_transparent\":\"\",\"animation\":\"\"},\"children\":[{\"type\":\"row\",\"props\":{\"layout\":\"1-3,2-3\",\"breakpoint\":\"m\",\"fixed_width\":\"large\",\"column_gap\":\"\",\"row_gap\":\"\",\"width\":\"\",\"width_expand\":\"\",\"height\":\"\",\"margin\":\"\"},\"children\":[{\"type\":\"column\",\"props\":{\"image_position\":\"center-center\",\"media_overlay_gradient\":\"\",\"vertical_align\":\"\",\"style\":\"\",\"text_color\":\"\",\"padding\":\"\"},\"children\":[{\"type\":\"headline\",\"props\":{\"title_element\":\"h1\",\"title_style\":\"\",\"title_decoration\":\"\",\"title_font_family\":\"\",\"title_color\":\"\",\"position\":\"\",\"position_z_index\":\"\",\"margin\":\"\",\"maxwidth\":\"\",\"maxwidth_breakpoint\":\"\",\"block_align\":\"\",\"block_align_breakpoint\":\"\",\"block_align_fallback\":\"\",\"text_align\":\"\",\"text_align_breakpoint\":\"\",\"text_align_fallback\":\"\",\"animation\":\"\",\"visibility\":\"\",\"content\":\"Kontakt\"}},{\"type\":\"text\",\"props\":{\"margin\":\"default\",\"column_breakpoint\":\"m\",\"text_style\":\"\",\"text_color\":\"\",\"text_size\":\"\",\"column\":\"\",\"position\":\"\",\"position_z_index\":\"\",\"maxwidth\":\"\",\"maxwidth_breakpoint\":\"\",\"block_align\":\"\",\"block_align_breakpoint\":\"\",\"block_align_fallback\":\"\",\"text_align\":\"\",\"text_align_breakpoint\":\"\",\"text_align_fallback\":\"\",\"animation\":\"\",\"visibility\":\"\",\"content\":\"\n\n<p>Can Dagdelen<br \\\/>CD Automobile<br \\\/>Hamburger Stra\\u00dfe 1<br \\\/>22941 Delingdorf<\\\/p>\"}},{\"type\":\"list\",\"props\":{\"show_image\":true,\"show_link\":true,\"image_svg_color\":\"emphasis\",\"image_align\":\"left\",\"image_vertical_align\":true,\"list_style\":\"\",\"content_style\":\"\",\"image_border\":\"\",\"icon_color\":\"\",\"link_style\":\"\",\"position\":\"\",\"position_z_index\":\"\",\"margin\":\"\",\"maxwidth\":\"\",\"maxwidth_breakpoint\":\"\",\"block_align\":\"\",\"block_align_breakpoint\":\"\",\"block_align_fallback\":\"\",\"text_align\":\"\",\"text_align_breakpoint\":\"\",\"text_align_fallback\":\"\",\"animation\":\"\",\"visibility\":\"\",\"margin_remove_top\":true},\"children\":[{\"type\":\"list_item\",\"props\":{\"icon_color\":\"\",\"content\":\"\n\n<p>0171-6255552<\\\/p>\",\"icon\":\"receiver\"}},{\"type\":\"list_item\",\"props\":{\"icon_color\":\"\",\"content\":\"\n\n<p>04532-6532<\\\/p>\",\"icon\":\"receiver\"}},{\"type\":\"list_item\",\"props\":{\"icon_color\":\"\",\"content\":\"\n\n<p>04532-260559<\\\/p>\",\"icon\":\"print\"}},{\"type\":\"list_item\",\"props\":{\"icon_color\":\"\",\"content\":\"\n\n<p>candagdelen@web.de<\\\/p>\",\"icon\":\"mail\"}}]}]},{\"type\":\"column\",\"props\":{\"image_position\":\"center-center\",\"media_overlay_gradient\":\"\",\"vertical_align\":\"\",\"style\":\"\",\"text_color\":\"\",\"padding\":\"\"},\"children\":[{\"type\":\"wordpress_widget\",\"props\":{\"widget\":\"frm_show_form-2\",\"style\":\"\",\"title_style\":\"\",\"title_decoration\":\"\",\"title_font_family\":\"\",\"title_color\":\"\",\"list_style\":\"\",\"link_style\":\"\",\"menu_style\":\"nav\",\"position\":\"\",\"position_z_index\":\"\",\"margin\":\"\",\"maxwidth\":\"\",\"maxwidth_breakpoint\":\"\",\"block_align\":\"\",\"block_align_breakpoint\":\"\",\"block_align_fallback\":\"\",\"text_align\":\"\",\"text_align_breakpoint\":\"\",\"text_align_fallback\":\"\",\"animation\":\"\",\"visibility\":\"\",\"type\":\"frm_show_form\"}}]}]}]},{\"type\":\"section\",\"props\":{\"style\":\"default\",\"width\":\"\",\"vertical_align\":\"middle\",\"title_position\":\"top-left\",\"title_rotation\":\"left\",\"title_breakpoint\":\"xl\",\"image_position\":\"center-center\",\"text_color\":\"\",\"width_expand\":\"\",\"height\":\"\",\"padding\":\"\",\"header_transparent\":\"\",\"animation\":\"\",\"padding_remove_top\":true,\"padding_remove_bottom\":true},\"children\":[{\"type\":\"row\",\"props\":{\"layout\":\"1-1\",\"breakpoint\":\"m\",\"fixed_width\":\"large\",\"column_gap\":\"\",\"row_gap\":\"\",\"width\":\"\",\"width_expand\":\"\",\"height\":\"\",\"margin\":\"\"},\"children\":[{\"type\":\"column\",\"props\":{\"image_position\":\"center-center\",\"media_overlay_gradient\":\"\",\"vertical_align\":\"\",\"style\":\"\",\"text_color\":\"\",\"padding\":\"\"},\"children\":[{\"type\":\"map\",\"props\":{\"show_title\":true,\"type\":\"roadmap\",\"zoom\":\"14\",\"controls\":true,\"zooming\":false,\"dragging\":true,\"position\":\"\",\"position_z_index\":\"\",\"margin\":\"\",\"maxwidth\":\"\",\"maxwidth_breakpoint\":\"\",\"block_align\":\"\",\"block_align_breakpoint\":\"\",\"block_align_fallback\":\"\",\"animation\":\"\",\"visibility\":\"\",\"height\":\"450\"},\"children\":[{\"type\":\"map_marker\",\"props\":{\"location\":\"53.7022,10.2486\",\"title\":\"CD-Automobile\",\"content\":\"\n\n<div class=\\\"uk-margin\\\" data-id=\\\"page#9\\\">\\n\n\n<p>Hamburger Stra\\u00dfe 1<br \\\/>22941 Delingdorf<\\\/p>\\n<\\\/div>\\n\n\n<p>Mobil: 0171-6255552<br \\\/>Tel.: 04532-6532<br \\\/>Fax: 04532-260559<br \\\/>Mail: candagdelen@web.de<\\\/p>\",\"show_popup\":true}}]}]}]}]}],\"version\":\"1.22.6\",\"props\":[]} --><\/p>\n","protected":false},"excerpt":{"rendered":"<p>\u00dcber CD-Automobile Kontakt Can DagdelenCD AutomobileHamburger Stra\u00dfe 122941 Delingdorf 0171-6255552 04532-6532 04532-260559 candagdelen@web.de CD-Automobile Hamburger Stra\u00dfe 122941 Delingdorf Mobil: 0171-6255552Tel.: 04532-6532Fax: 04532-260559Mail: candagdelen@web.de 53.7022,10.2486<\/p>\n","protected":false},"author":1,"featured_media":0,"parent":0,"menu_order":0,"comment_status":"closed","ping_status":"closed","template":"","meta":[],"_links":{"self":[{"href":"https:\/\/cd-mobile.de\/index.php?rest_route=\/wp\/v2\/pages\/1501"}],"collection":[{"href":"https:\/\/cd-mobile.de\/index.php?rest_route=\/wp\/v2\/pages"}],"about":[{"href":"https:\/\/cd-mobile.de\/index.php?rest_route=\/wp\/v2\/types\/page"}],"author":[{"embeddable":true,"href":"https:\/\/cd-mobile.de\/index.php?rest_route=\/wp\/v2\/users\/1"}],"replies":[{"embeddable":true,"href":"https:\/\/cd-mobile.de\/index.php?rest_route=%2Fwp%2Fv2%2Fcomments&post=1501"}],"version-history":[{"count":5,"href":"https:\/\/cd-mobile.de\/index.php?rest_route=\/wp\/v2\/pages\/1501\/revisions"}],"predecessor-version":[{"id":2114,"href":"https:\/\/cd-mobile.de\/index.php?rest_route=\/wp\/v2\/pages\/1501\/revisions\/2114"}],"wp:attachment":[{"href":"https:\/\/cd-mobile.de\/index.php?rest_route=%2Fwp%2Fv2%2Fmedia&parent=1501"}],"curies":[{"name":"wp","href":"https:\/\/api.w.org\/{rel}","templated":true}]}}